{"id":267,"date":"2026-02-20T10:28:53","date_gmt":"2026-02-20T09:28:53","guid":{"rendered":"https:\/\/wojcicki-translations.pl\/cookies-policy\/"},"modified":"2026-03-10T12:14:32","modified_gmt":"2026-03-10T11:14:32","slug":"cookies-policy","status":"publish","type":"page","link":"https:\/\/wojcicki-translations.pl\/en\/cookies-policy\/","title":{"rendered":"Cookies Policy"},"content":{"rendered":"\t\t<div data-elementor-type=\"wp-page\" data-elementor-id=\"267\" class=\"elementor elementor-267 elementor-206\" data-elementor-post-type=\"page\">\n\t\t\t\t<div class=\"elementor-element elementor-element-37c2e86a e-flex e-con-boxed e-con e-parent\" data-id=\"37c2e86a\" data-element_type=\"container\" data-e-type=\"container\" data-settings=\"{&quot;background_background&quot;:&quot;classic&quot;}\">\n\t\t\t\t\t<div class=\"e-con-inner\">\n\t\t<div class=\"elementor-element elementor-element-28e943cf e-flex e-con-boxed e-con e-child\" data-id=\"28e943cf\" data-element_type=\"container\" data-e-type=\"container\">\n\t\t\t\t\t<div class=\"e-con-inner\">\n\t\t\t\t\t<\/div>\n\t\t\t\t<\/div>\n\t\t\t\t\t<\/div>\n\t\t\t\t<\/div>\n\t\t<div class=\"elementor-element elementor-element-acc8853 e-flex e-con-boxed e-con e-parent\" data-id=\"acc8853\" data-element_type=\"container\" data-e-type=\"container\">\n\t\t\t\t\t<div class=\"e-con-inner\">\n\t\t<div class=\"elementor-element elementor-element-6c9a9e44 e-flex e-con-boxed e-con e-child\" data-id=\"6c9a9e44\" data-element_type=\"container\" data-e-type=\"container\">\n\t\t\t\t\t<div class=\"e-con-inner\">\n\t\t\t\t<div class=\"elementor-element elementor-element-1dcce8b5 elementor-widget elementor-widget-heading\" data-id=\"1dcce8b5\" data-element_type=\"widget\" data-e-type=\"widget\" data-widget_type=\"heading.default\">\n\t\t\t\t\t<h2 class=\"elementor-heading-title elementor-size-default\">Cookies Policy<\/h2>\t\t\t\t<\/div>\n\t\t\t\t<div class=\"elementor-element elementor-element-81e1e0a elementor-widget elementor-widget-text-editor\" data-id=\"81e1e0a\" data-element_type=\"widget\" data-e-type=\"widget\" data-widget_type=\"text-editor.default\">\n\t\t\t\t\t\t\t\t\t<p><strong>\u00a71 Introduction<\/strong><\/p><ol><li>The <a href=\"wojcicki-translations.pl\/\">wojcicki-translations.pl<\/a> Website uses cookies.<\/li><li>The Controller of the Website at wojcicki-translations.pl is Damian W\u00f3jcicki, conducting business activity under the name Damian W\u00f3jcicki W\u00f3jcicki Translations, Aleja 600-lecia 31\/12, 96-500 Sochaczew. The business is entered in the Central Registration and Information on Business (CEIDG) under the following numbers: Tax Identification Number (NIP): 8371887148, National Official Business Register Number (REGON): 543953946. <\/li><li>This document sets out the rules for the functioning and use of cookies on the Website wojcicki-translations.pl.Dokument okre\u015bla zasady funkcjonowania i wykorzystywania plik\u00f3w cookies w Serwisie <a href=\"wojcicki-translations.pl\/\">wojcicki-translations.pl.<\/a><\/li><li>The person supervising the processing of personal data in the organisation can be contacted by email at <a href=\"mailto:kontakt@wojcicki-translations.pl\">kontakt@wojcicki-translations.pl<\/a> in writing at the Controller&#8217;s address or by telephone at 571 277 665.<\/li><\/ol><p> <\/p><p><strong>\u00a72 Definitions<\/strong><\/p><ol><li>Controller \u2013 Damian W\u00f3jcicki, conducting business activity under the name Damian W\u00f3jcicki W\u00f3jcicki Translations, Aleja 600-lecia 31\/12, 96-500 Sochaczew. The business is entered in the Central Registration and Information on Business (CEIDG) under the following numbers: Tax Identification Number (NIP): 8371887148, National Official Business Register Number (REGON): 543953946. <\/li><li>Personal Data &#8211; information about a natural person identified or identifiable by one or more specific factors determining physical, physiological, genetic, mental, economic, cultural or social identity, including device IP, internet identifier and information collected through cookies and other similar technology.<\/li><li>Policy \u2013 this Cookies Policy.<\/li><li>Cookies are small text files containing fragments of code that are stored on the User&#8217;s device when browsing the Website. Depending on their function, cookies may be temporary (session cookies, deleted after closing the browser) or permanent (stored for a specified period of time). In the case of some cookies, their content may be automatically sent to the Website server or a third-party server with every browser request.  <\/li><li>Local Storage and Session Storage are technologies that enable data to be stored in the User&#8217;s browser. Unlike cookies, these data are not automatically sent to the server with every request. You can manage their storage in your browser settings.  <\/li><li>GDPR &#8211; Regulation (EU) 2016\/679 of the European Parliament and of the Council of 27 April 2016 on the protection of natural persons with regard to the processing of personal data and on the free movement of such data, and repealing Directive 95\/46\/EC.\/ <\/li><li>Website &#8211; the website operated by the Collector at <a href=\"wojcicki-translations.pl\">wojcicki-translations.pl.<\/a><\/li><li>User &#8211; any natural person visiting the Website or using one or more of the services or functionalities described in the Policy.<\/li><\/ol><p> <\/p><p><strong>\u00a73 Purpose of storing and accessing information<\/strong><\/p><ol><li>The Website uses cookies and other browser data storage technologies, such as Local Storage and Session Storage, which enable information to be stored on the User&#8217;s device.<\/li><li>Cookies and similar technologies may be used for the following purposes:<ul><li>Functionality (functionality_storage) &#8211; They enable the storage of data necessary for the proper functioning of the Website.<\/li><li>Security (security_storage) &#8211; They enable the storage of data related to security or authentication.<\/li><\/ul><\/li><\/ol><p> <\/p><p><strong>\u00a74 Cookies used<\/strong><\/p><ol><li>We use cookies on the Website that are necessary for its functioning.<\/li><li>The Website does not use advertising or analytical cookies.<\/li><\/ol><p> <\/p><p><strong>\u00a75 Consent to the use of cookies<\/strong><\/p><ol><li>The Website uses functional cookies that do not require the User&#8217;s consent for their installation.<\/li><\/ol><p> <\/p><p><strong>\u00a76 Modifying cookies settings<\/strong><\/p><ol><li>Below we indicate how to change cookie settings in the most popular browsers:<ul><li>Google Chrome: Menu &gt; Settings &gt; Privacy and security \u2013 select the appropriate option.<\/li><li>Microsoft Edge: Menu &gt; Settings &gt; Cookies and site permissions \u2013 select the appropriate option.<\/li><li>Mozilla Firefox: Menu &gt; Settings &gt; Privacy and Security &gt; Cookies and Site Data \u2013 select the appropriate option.<\/li><li>Opera: Menu &gt; Settings &gt; Privacy and Security \u2013 select the appropriate option.<\/li><li>Safari: Menu &gt; Preferences &gt; Privacy &gt; Cookies \u2013 select the appropriate option.<\/li><\/ul><\/li><li>Not consenting to cookies may limit the functionality of some features on the Website.<\/li><\/ol><p> <\/p><p><strong>\u00a77 Changes to the Cookies Policy<\/strong><\/p><ol><li>The Policy is reviewed and updated on an ongoing basis.<\/li><li>The current version of the Policy was adopted and has been in force since 2026-03-01.<\/li><\/ol><p> <\/p><p>The compliance with the law of this document is guaranteed by lawyers from<\/p><p><a href=\"https:\/\/kancelariakz.pl\">Kancelaria KZ<\/a><\/p>\t\t\t\t\t\t\t\t<\/div>\n\t\t\t\t\t<\/div>\n\t\t\t\t<\/div>\n\t\t\t\t\t<\/div>\n\t\t\t\t<\/div>\n\t\t\t\t<\/div>\n\t\t","protected":false},"excerpt":{"rendered":"<p>\u00a71 Introduction The wojcicki-translations.pl Website uses cookies. The Controller of the Website at wojcicki-translations.pl is Damian W\u00f3jcicki, conducting business activity under the name Damian W\u00f3jcicki W\u00f3jcicki Translations, Aleja 600-lecia 31\/12, 96-500 Sochaczew. The business is entered in the Central Registration and Information on Business (CEIDG) under the following numbers: Tax Identification Number (NIP): 8371887148, National [&hellip;]<\/p>\n","protected":false},"author":1,"featured_media":0,"parent":0,"menu_order":0,"comment_status":"closed","ping_status":"closed","template":"elementor_header_footer","meta":{"footnotes":""},"class_list":["post-267","page","type-page","status-publish","hentry"],"yoast_head":"<!-- This site is optimized with the Yoast SEO plugin v27.1.1 - https:\/\/yoast.com\/product\/yoast-seo-wordpress\/ -->\n<title>Cookies Policy - W\u00f3jcicki Translations<\/title>\n<meta name=\"robots\" content=\"index, follow, max-snippet:-1, max-image-preview:large, max-video-preview:-1\" \/>\n<link rel=\"canonical\" href=\"https:\/\/wojcicki-translations.pl\/en\/cookies-policy\/\" \/>\n<meta property=\"og:locale\" content=\"en_US\" \/>\n<meta property=\"og:type\" content=\"article\" \/>\n<meta property=\"og:title\" content=\"Cookies Policy - W\u00f3jcicki Translations\" \/>\n<meta property=\"og:description\" content=\"\u00a71 Introduction The wojcicki-translations.pl Website uses cookies. The Controller of the Website at wojcicki-translations.pl is Damian W\u00f3jcicki, conducting business activity under the name Damian W\u00f3jcicki W\u00f3jcicki Translations, Aleja 600-lecia 31\/12, 96-500 Sochaczew. The business is entered in the Central Registration and Information on Business (CEIDG) under the following numbers: Tax Identification Number (NIP): 8371887148, National [&hellip;]\" \/>\n<meta property=\"og:url\" content=\"https:\/\/wojcicki-translations.pl\/en\/cookies-policy\/\" \/>\n<meta property=\"og:site_name\" content=\"W\u00f3jcicki Translations\" \/>\n<meta property=\"article:modified_time\" content=\"2026-03-10T11:14:32+00:00\" \/>\n<meta name=\"twitter:card\" content=\"summary_large_image\" \/>\n<meta name=\"twitter:label1\" content=\"Est. reading time\" \/>\n\t<meta name=\"twitter:data1\" content=\"3 minutes\" \/>\n<script type=\"application\/ld+json\" class=\"yoast-schema-graph\">{\"@context\":\"https:\/\/schema.org\",\"@graph\":[{\"@type\":\"WebPage\",\"@id\":\"https:\/\/wojcicki-translations.pl\/en\/cookies-policy\/\",\"url\":\"https:\/\/wojcicki-translations.pl\/en\/cookies-policy\/\",\"name\":\"Cookies Policy - W\u00f3jcicki Translations\",\"isPartOf\":{\"@id\":\"https:\/\/wojcicki-translations.pl\/#website\"},\"datePublished\":\"2026-02-20T09:28:53+00:00\",\"dateModified\":\"2026-03-10T11:14:32+00:00\",\"breadcrumb\":{\"@id\":\"https:\/\/wojcicki-translations.pl\/en\/cookies-policy\/#breadcrumb\"},\"inLanguage\":\"en-US\",\"potentialAction\":[{\"@type\":\"ReadAction\",\"target\":[\"https:\/\/wojcicki-translations.pl\/en\/cookies-policy\/\"]}]},{\"@type\":\"BreadcrumbList\",\"@id\":\"https:\/\/wojcicki-translations.pl\/en\/cookies-policy\/#breadcrumb\",\"itemListElement\":[{\"@type\":\"ListItem\",\"position\":1,\"name\":\"Strona g\u0142\u00f3wna\",\"item\":\"https:\/\/wojcicki-translations.pl\/en\/\"},{\"@type\":\"ListItem\",\"position\":2,\"name\":\"Cookies Policy\"}]},{\"@type\":\"WebSite\",\"@id\":\"https:\/\/wojcicki-translations.pl\/#website\",\"url\":\"https:\/\/wojcicki-translations.pl\/\",\"name\":\"W\u00f3jcicki Translations\",\"description\":\"\",\"publisher\":{\"@id\":\"https:\/\/wojcicki-translations.pl\/#\/schema\/person\/8627b81287ed78745d0ab164456ba32b\"},\"potentialAction\":[{\"@type\":\"SearchAction\",\"target\":{\"@type\":\"EntryPoint\",\"urlTemplate\":\"https:\/\/wojcicki-translations.pl\/?s={search_term_string}\"},\"query-input\":{\"@type\":\"PropertyValueSpecification\",\"valueRequired\":true,\"valueName\":\"search_term_string\"}}],\"inLanguage\":\"en-US\"},{\"@type\":[\"Person\",\"Organization\"],\"@id\":\"https:\/\/wojcicki-translations.pl\/#\/schema\/person\/8627b81287ed78745d0ab164456ba32b\",\"name\":\"dwojcicki\",\"image\":{\"@type\":\"ImageObject\",\"inLanguage\":\"en-US\",\"@id\":\"https:\/\/wojcicki-translations.pl\/#\/schema\/person\/image\/\",\"url\":\"https:\/\/wojcicki-translations.pl\/wp-content\/uploads\/2026\/02\/logo_wojcicki.png\",\"contentUrl\":\"https:\/\/wojcicki-translations.pl\/wp-content\/uploads\/2026\/02\/logo_wojcicki.png\",\"width\":394,\"height\":392,\"caption\":\"dwojcicki\"},\"logo\":{\"@id\":\"https:\/\/wojcicki-translations.pl\/#\/schema\/person\/image\/\"}}]}<\/script>\n<!-- \/ Yoast SEO plugin. -->","yoast_head_json":{"title":"Cookies Policy - W\u00f3jcicki Translations","robots":{"index":"index","follow":"follow","max-snippet":"max-snippet:-1","max-image-preview":"max-image-preview:large","max-video-preview":"max-video-preview:-1"},"canonical":"https:\/\/wojcicki-translations.pl\/en\/cookies-policy\/","og_locale":"en_US","og_type":"article","og_title":"Cookies Policy - W\u00f3jcicki Translations","og_description":"\u00a71 Introduction The wojcicki-translations.pl Website uses cookies. The Controller of the Website at wojcicki-translations.pl is Damian W\u00f3jcicki, conducting business activity under the name Damian W\u00f3jcicki W\u00f3jcicki Translations, Aleja 600-lecia 31\/12, 96-500 Sochaczew. The business is entered in the Central Registration and Information on Business (CEIDG) under the following numbers: Tax Identification Number (NIP): 8371887148, National [&hellip;]","og_url":"https:\/\/wojcicki-translations.pl\/en\/cookies-policy\/","og_site_name":"W\u00f3jcicki Translations","article_modified_time":"2026-03-10T11:14:32+00:00","twitter_card":"summary_large_image","twitter_misc":{"Est. reading time":"3 minutes"},"schema":{"@context":"https:\/\/schema.org","@graph":[{"@type":"WebPage","@id":"https:\/\/wojcicki-translations.pl\/en\/cookies-policy\/","url":"https:\/\/wojcicki-translations.pl\/en\/cookies-policy\/","name":"Cookies Policy - W\u00f3jcicki Translations","isPartOf":{"@id":"https:\/\/wojcicki-translations.pl\/#website"},"datePublished":"2026-02-20T09:28:53+00:00","dateModified":"2026-03-10T11:14:32+00:00","breadcrumb":{"@id":"https:\/\/wojcicki-translations.pl\/en\/cookies-policy\/#breadcrumb"},"inLanguage":"en-US","potentialAction":[{"@type":"ReadAction","target":["https:\/\/wojcicki-translations.pl\/en\/cookies-policy\/"]}]},{"@type":"BreadcrumbList","@id":"https:\/\/wojcicki-translations.pl\/en\/cookies-policy\/#breadcrumb","itemListElement":[{"@type":"ListItem","position":1,"name":"Strona g\u0142\u00f3wna","item":"https:\/\/wojcicki-translations.pl\/en\/"},{"@type":"ListItem","position":2,"name":"Cookies Policy"}]},{"@type":"WebSite","@id":"https:\/\/wojcicki-translations.pl\/#website","url":"https:\/\/wojcicki-translations.pl\/","name":"W\u00f3jcicki Translations","description":"","publisher":{"@id":"https:\/\/wojcicki-translations.pl\/#\/schema\/person\/8627b81287ed78745d0ab164456ba32b"},"potentialAction":[{"@type":"SearchAction","target":{"@type":"EntryPoint","urlTemplate":"https:\/\/wojcicki-translations.pl\/?s={search_term_string}"},"query-input":{"@type":"PropertyValueSpecification","valueRequired":true,"valueName":"search_term_string"}}],"inLanguage":"en-US"},{"@type":["Person","Organization"],"@id":"https:\/\/wojcicki-translations.pl\/#\/schema\/person\/8627b81287ed78745d0ab164456ba32b","name":"dwojcicki","image":{"@type":"ImageObject","inLanguage":"en-US","@id":"https:\/\/wojcicki-translations.pl\/#\/schema\/person\/image\/","url":"https:\/\/wojcicki-translations.pl\/wp-content\/uploads\/2026\/02\/logo_wojcicki.png","contentUrl":"https:\/\/wojcicki-translations.pl\/wp-content\/uploads\/2026\/02\/logo_wojcicki.png","width":394,"height":392,"caption":"dwojcicki"},"logo":{"@id":"https:\/\/wojcicki-translations.pl\/#\/schema\/person\/image\/"}}]}},"_links":{"self":[{"href":"https:\/\/wojcicki-translations.pl\/en\/wp-json\/wp\/v2\/pages\/267","targetHints":{"allow":["GET"]}}],"collection":[{"href":"https:\/\/wojcicki-translations.pl\/en\/wp-json\/wp\/v2\/pages"}],"about":[{"href":"https:\/\/wojcicki-translations.pl\/en\/wp-json\/wp\/v2\/types\/page"}],"author":[{"embeddable":true,"href":"https:\/\/wojcicki-translations.pl\/en\/wp-json\/wp\/v2\/users\/1"}],"replies":[{"embeddable":true,"href":"https:\/\/wojcicki-translations.pl\/en\/wp-json\/wp\/v2\/comments?post=267"}],"version-history":[{"count":2,"href":"https:\/\/wojcicki-translations.pl\/en\/wp-json\/wp\/v2\/pages\/267\/revisions"}],"predecessor-version":[{"id":285,"href":"https:\/\/wojcicki-translations.pl\/en\/wp-json\/wp\/v2\/pages\/267\/revisions\/285"}],"wp:attachment":[{"href":"https:\/\/wojcicki-translations.pl\/en\/wp-json\/wp\/v2\/media?parent=267"}],"curies":[{"name":"wp","href":"https:\/\/api.w.org\/{rel}","templated":true}]}}