{"id":258,"date":"2026-02-20T10:28:40","date_gmt":"2026-02-20T09:28:40","guid":{"rendered":"https:\/\/wojcicki-translations.pl\/privacy-policy\/"},"modified":"2026-03-13T23:18:43","modified_gmt":"2026-03-13T22:18:43","slug":"privacy-policy","status":"publish","type":"page","link":"https:\/\/wojcicki-translations.pl\/en\/privacy-policy\/","title":{"rendered":"Privacy Policy"},"content":{"rendered":"\t\t<div data-elementor-type=\"wp-page\" data-elementor-id=\"258\" class=\"elementor elementor-258 elementor-204\" data-elementor-post-type=\"page\">\n\t\t\t\t<div class=\"elementor-element elementor-element-70ed90c1 e-flex e-con-boxed e-con e-parent\" data-id=\"70ed90c1\" data-element_type=\"container\" data-e-type=\"container\" data-settings=\"{&quot;background_background&quot;:&quot;classic&quot;}\">\n\t\t\t\t\t<div class=\"e-con-inner\">\n\t\t<div class=\"elementor-element elementor-element-41a81ae4 e-flex e-con-boxed e-con e-child\" data-id=\"41a81ae4\" data-element_type=\"container\" data-e-type=\"container\">\n\t\t\t\t\t<div class=\"e-con-inner\">\n\t\t\t\t\t<\/div>\n\t\t\t\t<\/div>\n\t\t\t\t\t<\/div>\n\t\t\t\t<\/div>\n\t\t<div class=\"elementor-element elementor-element-2ab8fc6c e-flex e-con-boxed e-con e-parent\" data-id=\"2ab8fc6c\" data-element_type=\"container\" data-e-type=\"container\">\n\t\t\t\t\t<div class=\"e-con-inner\">\n\t\t<div class=\"elementor-element elementor-element-bbbdf49 e-flex e-con-boxed e-con e-child\" data-id=\"bbbdf49\" data-element_type=\"container\" data-e-type=\"container\">\n\t\t\t\t\t<div class=\"e-con-inner\">\n\t\t\t\t<div class=\"elementor-element elementor-element-1476d6f0 elementor-widget elementor-widget-heading\" data-id=\"1476d6f0\" data-element_type=\"widget\" data-e-type=\"widget\" data-widget_type=\"heading.default\">\n\t\t\t\t\t<h2 class=\"elementor-heading-title elementor-size-default\">Privacy Policy<\/h2>\t\t\t\t<\/div>\n\t\t\t\t<div class=\"elementor-element elementor-element-07e957c elementor-widget elementor-widget-text-editor\" data-id=\"07e957c\" data-element_type=\"widget\" data-e-type=\"widget\" data-widget_type=\"text-editor.default\">\n\t\t\t\t\t\t\t\t\t<p><strong>\u00a71 Administration of Personal Data<\/strong><\/p><ol><li>The Controller of your personal data is Damian W\u00f3jcicki, conducting business activity under the name Damian W\u00f3jcicki W\u00f3jcicki Translations, Aleja 600-lecia 31\/12, 96-500 Sochaczew. The business is entered in the Central Registration and Information on Business (CEIDG) under the following numbers: Tax Identification Number (NIP): 8371887148, National Official Business Register Number (REGON): 543953946.<\/li><li>The person supervising the processing of personal data in the organisation can be contacted by email at <a href=\"mailto:kontakt@wojcicki-translations.pl\">kontakt@wojcicki-translations.pl<\/a> in writing at the Controller&#8217;s address or by telephone at 571 277 665.<\/li><li>This Policy contains rules regarding the processing of personal data by the Controller on the Website, including the basis, purposes and scope of the processing of personal data. as well as the rights of data subjects.<\/li><li>Personal data are processed by the Controller in accordance with applicable law, in particular in accordance with Regulation (EU) 2016\/679 of the European Parliament and of the Council of 27 April 2016 on the protection of natural persons with regard to the processing of personal data and on the free movement of such data, and repealing Directive 95\/46\/EC (General Data Protection Regulation) Official text of the GDPR: <a href=\"https:\/\/eur-lex.europa.eu\/legal-content\/EN\/TXT\/?uri=CELEX%3A32016R0679&amp;qid=1772200514976\">https:\/\/eur-lex.europa.eu\/legal-content\/EN\/TXT\/?uri=CELEX%3A32016R0679&amp;qid=1772200514976<\/a>. <\/li><li>The User&#8217;s rights are not absolute and do not apply to all personal data processing activities.<\/li><\/ol><p> <\/p><p><strong>\u00a72 Definitions<\/strong><\/p><ol><li>Controller &#8211; Damian W\u00f3jcicki, conducting business activity under the name Damian W\u00f3jcicki W\u00f3jcicki Translations, Aleja 600-lecia 31\/12, 96-500 Sochaczew. The business is entered in the Central Registration and Information on Business (CEIDG) under the following numbers: Tax Identification Number (NIP): 8371887148, National Official Business Register Number (REGON): 543953946.<\/li><li>Personal Data &#8211; information about a natural person identified or identifiable by one or more specific factors determining physical, physiological, genetic, mental, economic, cultural or social identity, including device IP, internet identifier and information collected through cookies and other similar technology.<\/li><li>Policy \u2013 this Privacy Policy.<\/li><li>Cookie Policy &#8211; a document specifying the rules for the use of cookies on the Website, available at: <a href=\"https:\/\/wojcicki-translations.pl\/en\/cookies-policy\/\">https:\/\/wojcicki-translations.pl\/cookies-policy\/<\/a>.<\/li><li>Profiling \u2013 automated processing of personal data consisting of the analysis and prediction of the User\u2019s behaviour.<\/li><li>GDPR &#8211; Regulation (EU) 2016\/679 of the European Parliament and of the Council of 27 April 2016 on the protection of natural persons with regard to the processing of personal data and on the free movement of such data, and repealing Directive 95\/46\/EC.\/ <\/li><li>Website &#8211; the website operated by the Collector at <a href=\"wojcicki-translations.pl\">wojcicki-translations.pl<\/a><\/li><li>User &#8211; any natural person visiting the Website or using one or more of the services or functionalities described in the Policy.<\/li><\/ol><p> <\/p><p><strong>\u00a73 Security<\/strong><\/p><ol><li>The Controller has implemented appropriate technical and organisational measures to ensure the security of the processing of personal data, and in particular is responsible for and ensures that the data collected by him are:<br><br><ul><li>processed lawfully;<\/li><li>collected for specified, legitimate purposes and not further processed in a manner incompatible with those purposes;<\/li><li>accurate and adequate in relation to the purposes for which they are processed;<\/li><li>kept in a form which permits identification of data subjects for no longer than is necessary for the purposes for which the personal data are processed and<\/li><li>processed in a manner that ensures appropriate security of the personal data, including protection against unauthorised or unlawful processing and against accidental loss, destruction or damage, using appropriate technical or organisational measures.<\/li><\/ul><\/li><\/ol><p> <\/p><p><strong>\u00a74 Purposes and Legal Bases for the Processing of Data<\/strong><\/p><ol><li>Pursuant to Article 6(1)(a) of the GDPR (consent), personal data may be processed for the following purposes: <br><br><ul><li>Storing data in cookies in accordance with the Cookies Policy available at: <a href=\"https:\/\/wojcicki-translations.pl\/en\/cookies-policy\/\">https:\/\/wojcicki-translations.pl\/cookies-policy\/<\/a>.<\/li><li>Contact via remote communication tools, in particular: telephone, email or applications.<\/li><\/ul><\/li><li>Pursuant to Article 6(1)(b) of the GDPR (performance of a contract), personal data may be processed for the following purposes:<br><br><ul><li>Performance of a sales contract or a contract for the provision of services or taking action at the request of the data subject prior to or after the conclusion of the contract, in particular: the right to warranty, consideration of complaints.<\/li><li>Complaints or withdrawal from a distance contract.<\/li><\/ul><\/li><li>Pursuant to Article 6(1)(c) of the GDPR (legal obligation incumbent on the Controller), personal data may be processed for the following purposes:<br><br><ul><li>Issuing and storing invoices, bills or fulfilling other obligations under tax and accounting regulations (archiving obligation regarding accounting documents).<\/li><li>Cooperation with law enforcement authorities and public institutions.<\/li><li>Creating registers and other documentation required by the GDPR.<\/li><\/ul><\/li><li>Pursuant to Article 6(1)(f) of the GDPR (legitimate interest of the Controller), personal data may be processed for the following purposes:<br><br><ul><li>Operating the <a href=\"wojcicki-translations.pl\">wojcicki-translations.p<\/a>l Website.<\/li><li>Storing data necessary for the proper functioning of the Website in cookies in accordance with the Cookies Policy.<\/li><li>Maintaining accounts on LinkedIn and Facebook and interacting with Users of these portals.<\/li><li>Ensuring the security of the Website, managing the Website and its proper functioning.<\/li><li>Determining claims raised by or against the Controller.<\/li><li>Contacting the User.<\/li><\/ul><\/li><li>Personal data may also be processed for other purposes if the Controller has an appropriate legal basis for doing so, in particular under Article 6 of the GDPR, provided that this purpose does not infringe the rights and freedoms of the User. In such a case, the User will be informed of the new purpose of the processing before the processing for that purpose begins.  <\/li><\/ol><p> <\/p><p><strong>\u00a75 Processing of Special Categories of Data<\/strong><\/p><ol><li>The Controller may process special categories of data, in particular data concerning health, racial or ethnic origin, religious or philosophical beliefs, trade union membership, genetic data, biometric data processed for the purpose of uniquely identifying a natural person, data concerning sex life or sexual orientation.<\/li><li>Special categories of data are provided for the purpose of performing certified translation services for documents entrusted by the client, including the fulfilment of obligations arising from the provisions of law regulating the profession of a sworn translator.<\/li><li>These data are processed on the basis of Article 9 (2)(a) of the GDPR \u2013 explicit consent of the data subject.<\/li><li>The Controller particularly protects the data provided in this regard, ensuring its confidentiality, security and access only to authorised persons who are obliged to maintain confidentiality.<\/li><li>The provision of data is voluntary, but may be necessary to use certain services offered by the Controller.<\/li><\/ol><p><strong>\u00a76 Profiling<\/strong><\/p><ol><li>The Collector does not use profiling that would lead to automated decision-making with legal effects for the User or otherwise significantly affect their rights and obligations.<\/li><li>Users&#8217; personal data are not used to analyse their preferences or to automatically tailor offers and advertisements.<\/li><\/ol><p> <\/p><p><strong>\u00a77 Period of Processing of Personal Data<\/strong><\/p><ol><li>The period of processing of data by the Controller depends on the type of service provided and the purpose of processing. As a rule, data are processed for the duration of the service provision, until consent is withdrawn or an effective objection to data processing is raised in cases where the legal basis for data processing is the legitimate interest of the Controller. <\/li><li>The period of data processing may be extended if processing is necessary to establish and pursue possible claims or defend against claims, and after that time only if and to the extent required by law. After the period of processing expires, data are irreversibly deleted or anonymised. <\/li><li>Detailed periods of retention of data depending on the purpose, e.g.:<ul><li>Data related to the performance of a contract \u2013 kept for the duration of the contract and then until the expiry of the limitation period for claims (3 or 6 years).<\/li><li>Accounting and tax data \u2013 kept for the period required by tax law (currently 5 years).<\/li><li>Data obtained on the basis of consent \u2013 stored until consent is withdrawn.<\/li><li>Data related to user enquiries \u2013 kept for up to 12 months after the end of correspondence.<\/li><\/ul><\/li><\/ol><p> <\/p><p><strong>\u00a78 Rights of the User<\/strong><\/p><ol><li>The User has the following rights in relation to their personal data:<ul><li>the right to access their personal data,<\/li><li>the right to rectify their personal data at any time,<\/li><li>the right to erase their personal data at any time,<\/li><li>the right to receive a copy of their data,<\/li><li>the right to restrict processing of personal data,<\/li><li>the right to object to processing of personal data,<\/li><li>the right to transfer personal data,<\/li><li>the right to withdraw consent; withdrawal of consent does not affect the lawfulness of processing based on consent before its withdrawal,<\/li><li>the right to object to processing of personal data based on the legitimate interest of the Controller for marketing purposes, direct marketing and purposes other than marketing,<\/li><li>the right to lodge a complaint with a supervisory authority.<\/li><\/ul><\/li><li>In order to exercise the above rights, the User may contact the Controller by sending an e-mail to <a href=\"mailto:kontakt@wojcicki-translations.pl\">kontakt@wojcicki-translations.pl<\/a> or correspondence to the Controller&#8217;s registered office. The Controller undertakes to consider the request within 30 days of its receipt. <\/li><li>In certain cases, the Controller may refuse to comply with the User&#8217;s request if the provisions of law impose an obligation to continue processing the data.<\/li><\/ol><p> <\/p><p><strong>\u00a79 Recipients of Personal Data<\/strong><\/p><ol><li>In order to properly operate the Website, the Controller provides the User&#8217;s personal data to other external entities, in particular: hosting providers, courier companies, postal operators, accounting firms, banks, payment operators, law firms and debt collection agencies.<\/li><li>The Controller reserves the right to disclose personal data in situations where this is required by applicable law, including the obligation to provide information to the relevant administrative or law enforcement authorities.<\/li><\/ol><p> <\/p><p><strong>\u00a710 Security of Personal Data<\/strong><\/p><ol><li>The Controller conducts an ongoing risk analysis to ensure that personal data are processed by him in a secure manner. Through his actions, he ensures, above all, that only authorised persons have access to data and only to the extent necessary for the performance of their tasks. <\/li><li>The Controller is obliged to take all measures permitted by law to ensure that all operations on personal data are recorded and performed only by an authorised entity<\/li><li>The Controller is also obliged to ensure that other entities cooperating with the Controller guarantee the application of appropriate security measures in each case where they process personal data on behalf of the Controller.<\/li><li>The Controller uses technical security measures such as data transmission encryption (SSL\/TLS), access restriction to systems and procedures to protect against unauthorised access to data.<\/li><\/ol><p> <\/p><p><strong>\u00a711 Changes to the Privacy Policy<\/strong><\/p><ol><li>The Policy is reviewed and updated on an ongoing basis.<\/li><li>The current version of the Policy was adopted and has been in force since 2026-03-01.<\/li><\/ol><p>The compliance with the law of this document is guaranteed by lawyers from<\/p><p><a href=\"https:\/\/kancelariakz.pl\">Kancelaria KZ<\/a><\/p>\t\t\t\t\t\t\t\t<\/div>\n\t\t\t\t\t<\/div>\n\t\t\t\t<\/div>\n\t\t\t\t\t<\/div>\n\t\t\t\t<\/div>\n\t\t\t\t<\/div>\n\t\t","protected":false},"excerpt":{"rendered":"<p>\u00a71 Administration of Personal Data The Controller of your personal data is Damian W\u00f3jcicki, conducting business activity under the name Damian W\u00f3jcicki W\u00f3jcicki Translations, Aleja 600-lecia 31\/12, 96-500 Sochaczew. The business is entered in the Central Registration and Information on Business (CEIDG) under the following numbers: Tax Identification Number (NIP): 8371887148, National Official Business Register [&hellip;]<\/p>\n","protected":false},"author":1,"featured_media":0,"parent":0,"menu_order":0,"comment_status":"closed","ping_status":"closed","template":"elementor_header_footer","meta":{"footnotes":""},"class_list":["post-258","page","type-page","status-publish","hentry"],"yoast_head":"<!-- This site is optimized with the Yoast SEO plugin v27.1.1 - https:\/\/yoast.com\/product\/yoast-seo-wordpress\/ -->\n<title>Privacy Policy - W\u00f3jcicki Translations<\/title>\n<meta name=\"robots\" content=\"index, follow, max-snippet:-1, max-image-preview:large, max-video-preview:-1\" \/>\n<link rel=\"canonical\" href=\"https:\/\/wojcicki-translations.pl\/en\/privacy-policy\/\" \/>\n<meta property=\"og:locale\" content=\"en_US\" \/>\n<meta property=\"og:type\" content=\"article\" \/>\n<meta property=\"og:title\" content=\"Privacy Policy - W\u00f3jcicki Translations\" \/>\n<meta property=\"og:description\" content=\"\u00a71 Administration of Personal Data The Controller of your personal data is Damian W\u00f3jcicki, conducting business activity under the name Damian W\u00f3jcicki W\u00f3jcicki Translations, Aleja 600-lecia 31\/12, 96-500 Sochaczew. The business is entered in the Central Registration and Information on Business (CEIDG) under the following numbers: Tax Identification Number (NIP): 8371887148, National Official Business Register [&hellip;]\" \/>\n<meta property=\"og:url\" content=\"https:\/\/wojcicki-translations.pl\/en\/privacy-policy\/\" \/>\n<meta property=\"og:site_name\" content=\"W\u00f3jcicki Translations\" \/>\n<meta property=\"article:modified_time\" content=\"2026-03-13T22:18:43+00:00\" \/>\n<meta name=\"twitter:card\" content=\"summary_large_image\" \/>\n<meta name=\"twitter:label1\" content=\"Est. reading time\" \/>\n\t<meta name=\"twitter:data1\" content=\"9 minutes\" \/>\n<script type=\"application\/ld+json\" class=\"yoast-schema-graph\">{\"@context\":\"https:\/\/schema.org\",\"@graph\":[{\"@type\":\"WebPage\",\"@id\":\"https:\/\/wojcicki-translations.pl\/en\/privacy-policy\/\",\"url\":\"https:\/\/wojcicki-translations.pl\/en\/privacy-policy\/\",\"name\":\"Privacy Policy - W\u00f3jcicki Translations\",\"isPartOf\":{\"@id\":\"https:\/\/wojcicki-translations.pl\/#website\"},\"datePublished\":\"2026-02-20T09:28:40+00:00\",\"dateModified\":\"2026-03-13T22:18:43+00:00\",\"breadcrumb\":{\"@id\":\"https:\/\/wojcicki-translations.pl\/en\/privacy-policy\/#breadcrumb\"},\"inLanguage\":\"en-US\",\"potentialAction\":[{\"@type\":\"ReadAction\",\"target\":[\"https:\/\/wojcicki-translations.pl\/en\/privacy-policy\/\"]}]},{\"@type\":\"BreadcrumbList\",\"@id\":\"https:\/\/wojcicki-translations.pl\/en\/privacy-policy\/#breadcrumb\",\"itemListElement\":[{\"@type\":\"ListItem\",\"position\":1,\"name\":\"Strona g\u0142\u00f3wna\",\"item\":\"https:\/\/wojcicki-translations.pl\/en\/\"},{\"@type\":\"ListItem\",\"position\":2,\"name\":\"Privacy Policy\"}]},{\"@type\":\"WebSite\",\"@id\":\"https:\/\/wojcicki-translations.pl\/#website\",\"url\":\"https:\/\/wojcicki-translations.pl\/\",\"name\":\"W\u00f3jcicki Translations\",\"description\":\"\",\"publisher\":{\"@id\":\"https:\/\/wojcicki-translations.pl\/#\/schema\/person\/8627b81287ed78745d0ab164456ba32b\"},\"potentialAction\":[{\"@type\":\"SearchAction\",\"target\":{\"@type\":\"EntryPoint\",\"urlTemplate\":\"https:\/\/wojcicki-translations.pl\/?s={search_term_string}\"},\"query-input\":{\"@type\":\"PropertyValueSpecification\",\"valueRequired\":true,\"valueName\":\"search_term_string\"}}],\"inLanguage\":\"en-US\"},{\"@type\":[\"Person\",\"Organization\"],\"@id\":\"https:\/\/wojcicki-translations.pl\/#\/schema\/person\/8627b81287ed78745d0ab164456ba32b\",\"name\":\"dwojcicki\",\"image\":{\"@type\":\"ImageObject\",\"inLanguage\":\"en-US\",\"@id\":\"https:\/\/wojcicki-translations.pl\/#\/schema\/person\/image\/\",\"url\":\"https:\/\/wojcicki-translations.pl\/wp-content\/uploads\/2026\/02\/logo_wojcicki.png\",\"contentUrl\":\"https:\/\/wojcicki-translations.pl\/wp-content\/uploads\/2026\/02\/logo_wojcicki.png\",\"width\":394,\"height\":392,\"caption\":\"dwojcicki\"},\"logo\":{\"@id\":\"https:\/\/wojcicki-translations.pl\/#\/schema\/person\/image\/\"}}]}<\/script>\n<!-- \/ Yoast SEO plugin. -->","yoast_head_json":{"title":"Privacy Policy - W\u00f3jcicki Translations","robots":{"index":"index","follow":"follow","max-snippet":"max-snippet:-1","max-image-preview":"max-image-preview:large","max-video-preview":"max-video-preview:-1"},"canonical":"https:\/\/wojcicki-translations.pl\/en\/privacy-policy\/","og_locale":"en_US","og_type":"article","og_title":"Privacy Policy - W\u00f3jcicki Translations","og_description":"\u00a71 Administration of Personal Data The Controller of your personal data is Damian W\u00f3jcicki, conducting business activity under the name Damian W\u00f3jcicki W\u00f3jcicki Translations, Aleja 600-lecia 31\/12, 96-500 Sochaczew. The business is entered in the Central Registration and Information on Business (CEIDG) under the following numbers: Tax Identification Number (NIP): 8371887148, National Official Business Register [&hellip;]","og_url":"https:\/\/wojcicki-translations.pl\/en\/privacy-policy\/","og_site_name":"W\u00f3jcicki Translations","article_modified_time":"2026-03-13T22:18:43+00:00","twitter_card":"summary_large_image","twitter_misc":{"Est. reading time":"9 minutes"},"schema":{"@context":"https:\/\/schema.org","@graph":[{"@type":"WebPage","@id":"https:\/\/wojcicki-translations.pl\/en\/privacy-policy\/","url":"https:\/\/wojcicki-translations.pl\/en\/privacy-policy\/","name":"Privacy Policy - W\u00f3jcicki Translations","isPartOf":{"@id":"https:\/\/wojcicki-translations.pl\/#website"},"datePublished":"2026-02-20T09:28:40+00:00","dateModified":"2026-03-13T22:18:43+00:00","breadcrumb":{"@id":"https:\/\/wojcicki-translations.pl\/en\/privacy-policy\/#breadcrumb"},"inLanguage":"en-US","potentialAction":[{"@type":"ReadAction","target":["https:\/\/wojcicki-translations.pl\/en\/privacy-policy\/"]}]},{"@type":"BreadcrumbList","@id":"https:\/\/wojcicki-translations.pl\/en\/privacy-policy\/#breadcrumb","itemListElement":[{"@type":"ListItem","position":1,"name":"Strona g\u0142\u00f3wna","item":"https:\/\/wojcicki-translations.pl\/en\/"},{"@type":"ListItem","position":2,"name":"Privacy Policy"}]},{"@type":"WebSite","@id":"https:\/\/wojcicki-translations.pl\/#website","url":"https:\/\/wojcicki-translations.pl\/","name":"W\u00f3jcicki Translations","description":"","publisher":{"@id":"https:\/\/wojcicki-translations.pl\/#\/schema\/person\/8627b81287ed78745d0ab164456ba32b"},"potentialAction":[{"@type":"SearchAction","target":{"@type":"EntryPoint","urlTemplate":"https:\/\/wojcicki-translations.pl\/?s={search_term_string}"},"query-input":{"@type":"PropertyValueSpecification","valueRequired":true,"valueName":"search_term_string"}}],"inLanguage":"en-US"},{"@type":["Person","Organization"],"@id":"https:\/\/wojcicki-translations.pl\/#\/schema\/person\/8627b81287ed78745d0ab164456ba32b","name":"dwojcicki","image":{"@type":"ImageObject","inLanguage":"en-US","@id":"https:\/\/wojcicki-translations.pl\/#\/schema\/person\/image\/","url":"https:\/\/wojcicki-translations.pl\/wp-content\/uploads\/2026\/02\/logo_wojcicki.png","contentUrl":"https:\/\/wojcicki-translations.pl\/wp-content\/uploads\/2026\/02\/logo_wojcicki.png","width":394,"height":392,"caption":"dwojcicki"},"logo":{"@id":"https:\/\/wojcicki-translations.pl\/#\/schema\/person\/image\/"}}]}},"_links":{"self":[{"href":"https:\/\/wojcicki-translations.pl\/en\/wp-json\/wp\/v2\/pages\/258","targetHints":{"allow":["GET"]}}],"collection":[{"href":"https:\/\/wojcicki-translations.pl\/en\/wp-json\/wp\/v2\/pages"}],"about":[{"href":"https:\/\/wojcicki-translations.pl\/en\/wp-json\/wp\/v2\/types\/page"}],"author":[{"embeddable":true,"href":"https:\/\/wojcicki-translations.pl\/en\/wp-json\/wp\/v2\/users\/1"}],"replies":[{"embeddable":true,"href":"https:\/\/wojcicki-translations.pl\/en\/wp-json\/wp\/v2\/comments?post=258"}],"version-history":[{"count":6,"href":"https:\/\/wojcicki-translations.pl\/en\/wp-json\/wp\/v2\/pages\/258\/revisions"}],"predecessor-version":[{"id":336,"href":"https:\/\/wojcicki-translations.pl\/en\/wp-json\/wp\/v2\/pages\/258\/revisions\/336"}],"wp:attachment":[{"href":"https:\/\/wojcicki-translations.pl\/en\/wp-json\/wp\/v2\/media?parent=258"}],"curies":[{"name":"wp","href":"https:\/\/api.w.org\/{rel}","templated":true}]}}